{"id":225,"date":"2019-09-14T17:41:48","date_gmt":"2019-09-14T17:41:48","guid":{"rendered":"http:\/\/academiadosom.priorart.com.br\/?post_type=product&#038;p=225"},"modified":"2019-09-14T18:23:19","modified_gmt":"2019-09-14T18:23:19","slug":"revolucionarios-os-teclados-que-mudaram-a-musica-para-sempre","status":"publish","type":"product","link":"https:\/\/academiadosom.priorart.com.br\/?product=revolucionarios-os-teclados-que-mudaram-a-musica-para-sempre","title":{"rendered":"REVOLUCION\u00c1RIOS | Os Teclados que mudaram a m\u00fasica para sempre"},"content":{"rendered":"\n<p>Um Livro para m\u00fasicos e&nbsp;amantes da m\u00fasica, escrito por quatro tecladistas apaixonados por sintetizadores e teclados vintages: Jobert Gaigher, Jorge Poulsen , Luiz Schiavon e Nilton Corazza se re\u00fanem pra contar muitas hist\u00f3rias sobre os velhinhos que mudaram a m\u00fasica do s\u00e9culo XX! Gosta de synth? <\/p>\n","protected":false},"excerpt":{"rendered":"<p><span class=\"text_exposed_show\">Gosta de tecnologia musical? Gosta de synth? Gosta de hist\u00f3rias de bastidores de grava\u00e7\u00f5es hist\u00f3ricas? Quer saber qual era o teclado que estava por tr\u00e1s daquele solo incr\u00edvel dos anos 60-70-80-90? Ent\u00e3o voc\u00ea vai adorar esse livro!!! Um manual pr\u00e1tico com hist\u00f3rias dos sintetizadores que mudaram a m\u00fasica no s\u00e9culo XX! Um Livro para m\u00fasicos e amantes da m\u00fasica, aficcionados por tecnologia , ac\u00fastica e programa\u00e7\u00e3o musical, escrito por quatro tecladistas apaixonados por sintetizadores e teclados vintages: Jobert Gaigher, Jorge Poulsen , Luiz Schiavon e Nilton Corazza se re\u00fanem pra contar muitas hist\u00f3rias sobre os velhinhos que mudaram a m\u00fasica do s\u00e9culo XX!\u00a0<\/span><\/p>\n<p>Quer fazer uma pr\u00e9-reserva?<\/p>\n<p>Envie uma mensagem agora mesmo para: <a href=\"mailto:ead@academiadosom.com.br\">ead@academiadosom.com.br<\/a><\/p>\n","protected":false},"featured_media":226,"comment_status":"closed","ping_status":"closed","template":"","meta":[],"_links":{"self":[{"href":"https:\/\/academiadosom.priorart.com.br\/index.php?rest_route=\/wp\/v2\/product\/225"}],"collection":[{"href":"https:\/\/academiadosom.priorart.com.br\/index.php?rest_route=\/wp\/v2\/product"}],"about":[{"href":"https:\/\/academiadosom.priorart.com.br\/index.php?rest_route=\/wp\/v2\/types\/product"}],"replies":[{"embeddable":true,"href":"https:\/\/academiadosom.priorart.com.br\/index.php?rest_route=%2Fwp%2Fv2%2Fcomments&post=225"}],"version-history":[{"count":4,"href":"https:\/\/academiadosom.priorart.com.br\/index.php?rest_route=\/wp\/v2\/product\/225\/revisions"}],"predecessor-version":[{"id":239,"href":"https:\/\/academiadosom.priorart.com.br\/index.php?rest_route=\/wp\/v2\/product\/225\/revisions\/239"}],"wp:featuredmedia":[{"embeddable":true,"href":"https:\/\/academiadosom.priorart.com.br\/index.php?rest_route=\/wp\/v2\/media\/226"}],"wp:attachment":[{"href":"https:\/\/academiadosom.priorart.com.br\/index.php?rest_route=%2Fwp%2Fv2%2Fmedia&parent=225"}],"curies":[{"name":"wp","href":"https:\/\/api.w.org\/{rel}","templated":true}]}}